{"id":16,"date":"2024-12-09T12:37:21","date_gmt":"2024-12-09T12:37:21","guid":{"rendered":"https:\/\/korealactechcorps.com\/?page_id=16"},"modified":"2026-03-04T18:39:12","modified_gmt":"2026-03-04T18:39:12","slug":"home","status":"publish","type":"page","link":"https:\/\/korealactechcorps.com\/es\/","title":{"rendered":"Programa Korea-LAC Tech Corps"},"content":{"rendered":"<div class=\"wp-block-cover alignfull\" style=\"margin-top:0;margin-bottom:0;padding-top:var(--wp--preset--spacing--50);padding-right:var(--wp--preset--spacing--50);padding-bottom:var(--wp--preset--spacing--50);padding-left:var(--wp--preset--spacing--50);min-height:474px;aspect-ratio:unset;\"><img loading=\"lazy\" decoding=\"async\" width=\"2560\" height=\"640\" class=\"wp-block-cover__image-background wp-image-21\" alt=\"\" src=\"https:\/\/korealactechcorps.com\/wp-content\/uploads\/2024\/12\/banner.png\" style=\"object-position:50% 50%\" data-object-fit=\"cover\" data-object-position=\"50% 50%\" srcset=\"https:\/\/korealactechcorps.com\/wp-content\/uploads\/2024\/12\/banner.png 2560w, https:\/\/korealactechcorps.com\/wp-content\/uploads\/2024\/12\/banner-300x75.png 300w, https:\/\/korealactechcorps.com\/wp-content\/uploads\/2024\/12\/banner-1024x256.png 1024w, https:\/\/korealactechcorps.com\/wp-content\/uploads\/2024\/12\/banner-768x192.png 768w, https:\/\/korealactechcorps.com\/wp-content\/uploads\/2024\/12\/banner-1536x384.png 1536w, https:\/\/korealactechcorps.com\/wp-content\/uploads\/2024\/12\/banner-2048x512.png 2048w\" sizes=\"auto, (max-width: 2560px) 100vw, 2560px\" \/><span aria-hidden=\"true\" class=\"wp-block-cover__background has-background-dim-40 has-background-dim\"><\/span><div class=\"wp-block-cover__inner-container has-global-padding is-layout-constrained wp-container-core-cover-is-layout-d89aad35 wp-block-cover-is-layout-constrained\">\n<h1 class=\"wp-block-heading has-text-align-center\"><strong>Programa Korea-LAC Tech Corps<\/strong><\/h1>\n\n\n\n<p class=\"has-text-align-center\">Fondo Coreano de Asociaci\u00f3n de Conocimiento para la Tecnolog\u00eda y la Innovaci\u00f3n<\/p>\n<\/div><\/div>\n\n\n\n<div class=\"wp-block-group has-global-padding is-layout-constrained wp-container-core-group-is-layout-49062855 wp-block-group-is-layout-constrained\" style=\"padding-top:var(--wp--preset--spacing--30);padding-bottom:var(--wp--preset--spacing--30)\">\n<div class=\"wp-block-columns alignwide is-layout-flex wp-container-core-columns-is-layout-28f84493 wp-block-columns-is-layout-flex\">\n<div class=\"wp-block-column is-vertically-aligned-center has-global-padding is-layout-constrained wp-block-column-is-layout-constrained\" style=\"flex-basis:50%\">\n<p><\/p>\n<\/div>\n<\/div>\n\n\n\n<p class=\"has-text-align-center has-large-font-size\" style=\"margin-top:var(--wp--preset--spacing--40);margin-right:0;margin-bottom:var(--wp--preset--spacing--40);margin-left:0;padding-right:var(--wp--preset--spacing--80);padding-left:var(--wp--preset--spacing--80)\">El Programa Korea-LAC Tech Corps es una iniciativa liderada por <strong>el Banco Interamericano de Desarrollo (BID),<\/strong>con financiaci\u00f3n del <strong>Fondo Coreano de Asociaci\u00f3n de Conocimiento para la Tecnolog\u00eda y la Innovaci\u00f3n<\/strong>. El programa fortalece las instituciones p\u00fablicas de Am\u00e9rica Latina y el Caribe (ALC) a trav\u00e9s de la educaci\u00f3n y la colaboraci\u00f3n t\u00e9cnica con Corea y apoya proyectos de innovaci\u00f3n en la regi\u00f3n en las \u00e1reas de I<strong>as Tecnolog\u00edas de la Informaci\u00f3n y la Comunicaci\u00f3n<\/strong> (TIC).<\/p>\n<\/div>\n\n\n\n<div style=\"height:30px\" aria-hidden=\"true\" class=\"wp-block-spacer\"><\/div>\n\n\n\n<div class=\"wp-block-group has-global-padding is-layout-constrained wp-container-core-group-is-layout-49062855 wp-block-group-is-layout-constrained\" style=\"padding-top:var(--wp--preset--spacing--30);padding-bottom:var(--wp--preset--spacing--30)\">\n<div class=\"wp-block-columns is-layout-flex wp-container-core-columns-is-layout-28f84493 wp-block-columns-is-layout-flex\">\n<div class=\"wp-block-column is-vertically-aligned-center has-global-padding is-layout-constrained wp-container-core-column-is-layout-ae002d71 wp-block-column-is-layout-constrained\" style=\"padding-top:0;padding-right:var(--wp--preset--spacing--50);padding-bottom:0;padding-left:var(--wp--preset--spacing--50);flex-basis:50%\">\n<p class=\"has-accent-5-color has-text-color has-link-color wp-elements-24d8dd2573abd03c7545529781fb34b9\" style=\"font-size:clamp(0.984rem, 0.984rem + ((1vw - 0.2rem) * 0.809), 1.5rem);font-style:normal;font-weight:700\"><strong>Component 1: LAC Tech Corps (Scholarships for Public Servants)<\/strong><\/p>\n\n\n\n<p class=\"has-text-align-left has-large-font-size\"><br><strong>Obtenga un m\u00e1ster en Corea - Financiaci\u00f3n completa<\/strong><\/p>\n\n\n\n<div style=\"height:30px\" aria-hidden=\"true\" class=\"wp-block-spacer\"><\/div>\n\n\n\n<p><\/p>\n\n\n\n<p class=\"has-text-align-left has-large-font-size\">Este componente <strong>concede hasta 26 becas a<\/strong> servidores p\u00fablicos de nivel medio de ALC para cursar un <strong>m\u00e1ster de 18 meses<\/strong> en <strong>Gesti\u00f3n P\u00fablica<\/strong>, <strong>Pol\u00edticas P\u00fablicas<\/strong>, o campos afines con <strong>especializaci\u00f3n en TIC en destacadas<\/strong> universidades coreanas.<\/p>\n\n\n\n<div style=\"height:32px\" aria-hidden=\"true\" class=\"wp-block-spacer\"><\/div>\n\n\n\n<div class=\"wp-block-buttons is-layout-flex wp-block-buttons-is-layout-flex\">\n<div class=\"wp-block-button\"><a class=\"wp-block-button__link wp-element-button\" href=\"https:\/\/korealactechcorps.com\/es\/noticias\/\">Descargar folleto y plantillas<\/a><\/div>\n<\/div>\n<\/div>\n\n\n\n<div class=\"wp-block-column is-vertically-aligned-center has-global-padding is-layout-constrained wp-block-column-is-layout-constrained\" style=\"flex-basis:50%\">\n<figure class=\"wp-block-image alignfull size-full is-style-rounded\"><img loading=\"lazy\" decoding=\"async\" width=\"2560\" height=\"1710\" src=\"https:\/\/korealactechcorps.com\/wp-content\/uploads\/2025\/04\/timur-shakerzianov-RHqKnRACsqs-unsplash-scaled.jpg\" alt=\"\" class=\"wp-image-631\" srcset=\"https:\/\/korealactechcorps.com\/wp-content\/uploads\/2025\/04\/timur-shakerzianov-RHqKnRACsqs-unsplash-scaled.jpg 2560w, https:\/\/korealactechcorps.com\/wp-content\/uploads\/2025\/04\/timur-shakerzianov-RHqKnRACsqs-unsplash-300x200.jpg 300w, https:\/\/korealactechcorps.com\/wp-content\/uploads\/2025\/04\/timur-shakerzianov-RHqKnRACsqs-unsplash-1024x684.jpg 1024w, https:\/\/korealactechcorps.com\/wp-content\/uploads\/2025\/04\/timur-shakerzianov-RHqKnRACsqs-unsplash-768x513.jpg 768w, https:\/\/korealactechcorps.com\/wp-content\/uploads\/2025\/04\/timur-shakerzianov-RHqKnRACsqs-unsplash-1536x1026.jpg 1536w, https:\/\/korealactechcorps.com\/wp-content\/uploads\/2025\/04\/timur-shakerzianov-RHqKnRACsqs-unsplash-2048x1368.jpg 2048w, https:\/\/korealactechcorps.com\/wp-content\/uploads\/2025\/04\/timur-shakerzianov-RHqKnRACsqs-unsplash-18x12.jpg 18w\" sizes=\"auto, (max-width: 2560px) 100vw, 2560px\" \/><\/figure>\n<\/div>\n<\/div>\n\n\n\n<div class=\"wp-block-buttons is-content-justification-left is-layout-flex wp-container-core-buttons-is-layout-fc4fd283 wp-block-buttons-is-layout-flex\"><\/div>\n<\/div>\n\n\n\n<div style=\"height:30px\" aria-hidden=\"true\" class=\"wp-block-spacer\"><\/div>\n\n\n\n<div class=\"wp-block-group alignfull has-background has-global-padding is-layout-constrained wp-container-core-group-is-layout-18791971 wp-block-group-is-layout-constrained\" style=\"background-color:#e0eaee;margin-top:var(--wp--preset--spacing--40);margin-bottom:var(--wp--preset--spacing--40);padding-top:var(--wp--preset--spacing--30);padding-right:var(--wp--preset--spacing--30);padding-bottom:var(--wp--preset--spacing--30);padding-left:var(--wp--preset--spacing--30)\">\n<figure class=\"wp-block-table is-style-stripes\"><table class=\"has-border-color has-accent-6-border-color has-fixed-layout\" style=\"border-width:1px\"><tbody><tr><td><strong>Qu\u00e9 cubre la beca<\/strong><\/td><td><strong>Criterios de elegibilidad<\/strong><\/td><td><strong>\u00bfEsto es para ti?<\/strong><\/td><\/tr><tr><td>Matr\u00edcula completa<br><br>Gastos de manutenci\u00f3n y viaje<br><br>Beneficios adicionales definidos por el programa<\/td><td>Licenciatura con buenos resultados acad\u00e9micos<br><br>M\u00ednimo 3 a\u00f1os de experiencia a tiempo completo en el sector p\u00fablico (despu\u00e9s de la licenciatura)<br><br>Dominio del ingl\u00e9s (se requiere certificado TOEFL o IELTS)<br><br>Ser 40 a\u00f1os o menos en el momento de presentar la solicitud<\/td><td>Trabaja en una instituci\u00f3n p\u00fablica de Am\u00e9rica Latina o el Caribe.<br><br>Tiene una s\u00f3lida trayectoria en el servicio p\u00fablico<br><br>Quiere reforzar su liderazgo con herramientas TIC de vanguardia<\/td><\/tr><\/tbody><\/table><\/figure>\n\n\n\n<p><\/p>\n\n\n\n<p><strong>\u00bfListo para dar el siguiente paso?<\/strong> Comun\u00edcate: <strong>techcorps@iadb.org<\/strong><\/p>\n\n\n\n<div style=\"height:64px\" aria-hidden=\"true\" class=\"wp-block-spacer\"><\/div>\n\n\n\n<p class=\"has-text-align-center has-accent-3-color has-text-color has-link-color has-x-large-font-size wp-elements-f8547dc3094a443cb39e6dccb1c6acae\"><strong>Convocatoria para componente 1 becas abierta desde el 13 de abril hasta el 19 de junio de 2026.<\/strong><\/p>\n<\/div>\n\n\n\n<div class=\"wp-block-group has-global-padding is-layout-constrained wp-container-core-group-is-layout-49062855 wp-block-group-is-layout-constrained\" style=\"padding-top:var(--wp--preset--spacing--30);padding-bottom:var(--wp--preset--spacing--30)\">\n<div class=\"wp-block-columns is-layout-flex wp-container-core-columns-is-layout-28f84493 wp-block-columns-is-layout-flex\">\n<div class=\"wp-block-column has-global-padding is-layout-constrained wp-container-core-column-is-layout-ae002d71 wp-block-column-is-layout-constrained\" style=\"padding-top:0;padding-right:var(--wp--preset--spacing--50);padding-bottom:0;padding-left:var(--wp--preset--spacing--50);flex-basis:50%\">\n<figure class=\"wp-block-image alignfull size-full is-style-rounded\"><img loading=\"lazy\" decoding=\"async\" width=\"690\" height=\"460\" src=\"https:\/\/korealactechcorps.com\/wp-content\/uploads\/2024\/12\/3.png\" alt=\"\" class=\"wp-image-59\" srcset=\"https:\/\/korealactechcorps.com\/wp-content\/uploads\/2024\/12\/3.png 690w, https:\/\/korealactechcorps.com\/wp-content\/uploads\/2024\/12\/3-300x200.png 300w\" sizes=\"auto, (max-width: 690px) 100vw, 690px\" \/><\/figure>\n<\/div>\n\n\n\n<div class=\"wp-block-column is-vertically-aligned-center has-global-padding is-layout-constrained wp-block-column-is-layout-constrained\" style=\"flex-basis:50%\">\n<h3 class=\"wp-block-heading has-text-align-left has-accent-5-color has-text-color has-link-color wp-elements-723936d0ca82cd6ace1a166f457df787\" style=\"font-size:clamp(0.984rem, 0.984rem + ((1vw - 0.2rem) * 0.809), 1.5rem);font-style:normal;font-weight:700\"><strong>Componente 2: Korea Tech Corps (Apoyo t\u00e9cnico a proyectos de TIC)<\/strong><\/h3>\n\n\n\n<p><\/p>\n\n\n\n<div class=\"wp-block-group is-vertical is-layout-flex wp-container-core-group-is-layout-c35747d5 wp-block-group-is-layout-flex\">\n<p><\/p>\n\n\n\n<p class=\"has-large-font-size\"><strong>Reciba a un experto coreano en TIC durante 12 meses<\/strong><\/p>\n\n\n\n<p class=\"has-large-font-size\">Este componente <strong>aporta profesionales coreanos<\/strong> con experiencia en TIC para apoyar proyectos de innovaci\u00f3n en <strong>instituciones p\u00fablicas, empresas privadas<\/strong>u <strong>organizaciones c\u00edvicas<\/strong> en toda ALC. Estos profesionales son contratados por el BID como consultores e integrados en su equipo.<\/p>\n\n\n\n<p class=\"has-medium-font-size\"><\/p>\n\n\n\n<div class=\"wp-block-buttons is-layout-flex wp-block-buttons-is-layout-flex\"><\/div>\n\n\n\n<div class=\"wp-block-buttons is-layout-flex wp-block-buttons-is-layout-flex\"><\/div>\n<\/div>\n<\/div>\n<\/div>\n\n\n\n<div class=\"wp-block-buttons is-layout-flex wp-block-buttons-is-layout-flex\"><\/div>\n<\/div>\n\n\n\n<div class=\"wp-block-group alignfull has-background has-global-padding is-content-justification-center is-layout-constrained wp-container-core-group-is-layout-2f6523be wp-block-group-is-layout-constrained\" style=\"background-color:#e0eaee;margin-top:var(--wp--preset--spacing--40);margin-bottom:var(--wp--preset--spacing--40);padding-top:var(--wp--preset--spacing--30);padding-right:var(--wp--preset--spacing--30);padding-bottom:var(--wp--preset--spacing--30);padding-left:var(--wp--preset--spacing--30)\">\n<p class=\"has-accent-5-color has-text-color has-link-color has-x-large-font-size wp-elements-45f66e64ec69bd3f4e072e1214d13f4d\"><strong>A qu\u00e9 se dedican:<\/strong><\/p>\n\n\n\n<ul class=\"wp-block-list\">\n<li>Colaborar en el dise\u00f1o y la aplicaci\u00f3n de iniciativas relacionadas con las TIC.<\/li>\n\n\n\n<li>Compartir conocimientos y buenas pr\u00e1cticas de Corea<\/li>\n\n\n\n<li>Soluciones tecnol\u00f3gicas a medida para afrontar los retos locales<\/li>\n<\/ul>\n\n\n\n<div style=\"height:20px\" aria-hidden=\"true\" class=\"wp-block-spacer\"><\/div>\n\n\n\n<p class=\"has-accent-5-color has-text-color has-link-color has-x-large-font-size wp-elements-2cf5c6a3b6d2abb5e90df41dc76292b6\"><strong>Qui\u00e9n puede solicitarlo:<\/strong><\/p>\n\n\n\n<ul class=\"wp-block-list\">\n<li>Instituciones u organismos p\u00fablicos<\/li>\n\n\n\n<li>Organizaciones c\u00edvicas<\/li>\n\n\n\n<li>Empresas del sector privado en ALC<\/li>\n<\/ul>\n\n\n\n<p><\/p>\n\n\n\n<div style=\"height:20px\" aria-hidden=\"true\" class=\"wp-block-spacer\"><\/div>\n\n\n\n<p class=\"has-text-align-left translation-block\">Nota: Las organizaciones participantes deber\u00e1n firmar un acuerdo de colaboraci\u00f3n con el BID antes de la asignaci\u00f3n del consultor.<\/p>\n\n\n\n<div style=\"height:50px\" aria-hidden=\"true\" class=\"wp-block-spacer\"><\/div>\n\n\n\n<p class=\"has-text-align-center has-accent-3-color has-text-color has-link-color has-x-large-font-size wp-elements-3c1c127fc7eb96764e791ac4010766dc\"><strong>Call for Proposals for Component 2 Korea Tech Corps 2025 has been finalized.<\/strong><\/p>\n<\/div>\n\n\n\n<p><\/p>\n\n\n\n<p><\/p>\n\n\n\n<p><\/p>\n\n\n\n<div style=\"height:30px\" aria-hidden=\"true\" class=\"wp-block-spacer\"><\/div>\n\n\n\n<div style=\"height:67px\" aria-hidden=\"true\" class=\"wp-block-spacer\"><\/div>\n\n\n\n<p class=\"has-text-align-center has-accent-5-color has-text-color has-link-color wp-elements-4237af44bb4ffcca4dd8bdf0b7d6ae71\" style=\"font-size:clamp(1.743rem, 1.743rem + ((1vw - 0.2rem) * 1.972), 3rem);font-style:normal;font-weight:700\">Cont\u00e1ctenos<\/p>\n\n\n\n<p><\/p>\n\n\n\n<div class=\"wp-block-group is-layout-flow wp-block-group-is-layout-flow\">\n<p class=\"has-text-align-center has-large-font-size\" style=\"margin-top:0;margin-right:0;margin-bottom:0;margin-left:0;padding-top:0;padding-right:var(--wp--preset--spacing--80);padding-bottom:0;padding-left:var(--wp--preset--spacing--80)\">\u00bfEst\u00e1 interesado en solicitar o acoger a un consultor de Korean Tech Corps? \u00bfTiene alguna pregunta?<\/p>\n\n\n\n<div style=\"height:32px\" aria-hidden=\"true\" class=\"wp-block-spacer\"><\/div>\n\n\n\n<p class=\"has-text-align-center has-large-font-size\" style=\"margin-top:0;margin-right:0;margin-bottom:0;margin-left:0;padding-top:0;padding-right:var(--wp--preset--spacing--80);padding-bottom:0;padding-left:var(--wp--preset--spacing--80)\">Env\u00edenos un correo electr\u00f3nico a techcorps@iadb.org<\/p>\n\n\n\n<div style=\"height:81px\" aria-hidden=\"true\" class=\"wp-block-spacer\"><\/div>\n\n\n\n<p class=\"has-text-align-center has-accent-5-color has-text-color has-link-color has-large-font-size wp-elements-283d1548d1c3f9ce207dcf3c07482ba5\" style=\"margin-top:0;margin-right:0;margin-bottom:0;margin-left:0;padding-top:0;padding-right:var(--wp--preset--spacing--80);padding-bottom:0;padding-left:var(--wp--preset--spacing--80)\"><strong>Construyamos mejores instituciones p\u00fablicas y fomentemos la innovaci\u00f3n impulsada por la tecnolog\u00eda en toda Am\u00e9rica Latina y el Caribe.<\/strong><\/p>\n\n\n\n<div style=\"height:144px\" aria-hidden=\"true\" class=\"wp-block-spacer\"><\/div>\n<\/div>\n\n\n\n<p><\/p>","protected":false},"excerpt":{"rendered":"<p>The Korea-LAC Tech Corps Program is an initiative led by the Inter-American Development Bank (IDB), with funding from the Knowledge Partnership Korea Fund for Technology and Innovation. The program strengthens public institutions in Latin America and the Caribbean (LAC) through education and technical collaboration with Korea and supports innovation projects in the region in the [&hellip;]<\/p>\n","protected":false},"author":1,"featured_media":21,"parent":0,"menu_order":0,"comment_status":"closed","ping_status":"closed","template":"general","meta":{"footnotes":""},"class_list":["post-16","page","type-page","status-publish","has-post-thumbnail","hentry"],"_links":{"self":[{"href":"https:\/\/korealactechcorps.com\/es\/wp-json\/wp\/v2\/pages\/16","targetHints":{"allow":["GET"]}}],"collection":[{"href":"https:\/\/korealactechcorps.com\/es\/wp-json\/wp\/v2\/pages"}],"about":[{"href":"https:\/\/korealactechcorps.com\/es\/wp-json\/wp\/v2\/types\/page"}],"author":[{"embeddable":true,"href":"https:\/\/korealactechcorps.com\/es\/wp-json\/wp\/v2\/users\/1"}],"replies":[{"embeddable":true,"href":"https:\/\/korealactechcorps.com\/es\/wp-json\/wp\/v2\/comments?post=16"}],"version-history":[{"count":29,"href":"https:\/\/korealactechcorps.com\/es\/wp-json\/wp\/v2\/pages\/16\/revisions"}],"predecessor-version":[{"id":733,"href":"https:\/\/korealactechcorps.com\/es\/wp-json\/wp\/v2\/pages\/16\/revisions\/733"}],"wp:featuredmedia":[{"embeddable":true,"href":"https:\/\/korealactechcorps.com\/es\/wp-json\/wp\/v2\/media\/21"}],"wp:attachment":[{"href":"https:\/\/korealactechcorps.com\/es\/wp-json\/wp\/v2\/media?parent=16"}],"curies":[{"name":"wp","href":"https:\/\/api.w.org\/{rel}","templated":true}]}}